{"id":7686,"date":"2023-01-25T16:33:00","date_gmt":"2023-01-25T21:33:00","guid":{"rendered":"http:\/\/dsagencyny.com\/?page_id=7686"},"modified":"2023-01-25T16:33:17","modified_gmt":"2023-01-25T21:33:17","slug":"form-detalles-sobre-su-negocio-para-web","status":"publish","type":"page","link":"https:\/\/dsagencyny.com\/es\/form-detalles-sobre-su-negocio-para-web\/","title":{"rendered":"Form &#8211; <strong>Detalles sobre su negocio para web<\/strong>"},"content":{"rendered":"\t\t<div data-elementor-type=\"wp-page\" data-elementor-id=\"7686\" class=\"elementor elementor-7686\" data-elementor-post-type=\"page\">\n\t\t\t\t\t\t<section class=\"elementor-section elementor-top-section elementor-element elementor-element-422453f7 elementor-section-boxed elementor-section-height-default elementor-section-height-default\" data-id=\"422453f7\" data-element_type=\"section\">\n\t\t\t\t\t\t<div class=\"elementor-container elementor-column-gap-default\">\n\t\t\t\t\t<div class=\"elementor-column elementor-col-100 elementor-top-column elementor-element elementor-element-47f9b5d1\" data-id=\"47f9b5d1\" data-element_type=\"column\">\n\t\t\t<div class=\"elementor-widget-wrap elementor-element-populated\">\n\t\t\t\t\t\t<div class=\"elementor-element elementor-element-f449beb elementor-widget elementor-widget-shortcode\" data-id=\"f449beb\" data-element_type=\"widget\" data-widget_type=\"shortcode.default\">\n\t\t\t\t<div class=\"elementor-widget-container\">\n\t\t\t\t\t<div class=\"elementor-shortcode\"><div class='fluentform ff-default fluentform_wrapper_10 ffs_default_wrap'><form data-form_id=\"10\" id=\"fluentform_10\" class=\"frm-fluent-form fluent_form_10 ff-el-form-top ff_form_instance_10_1 ff-form-loading ffs_default\" data-form_instance=\"ff_form_instance_10_1\" method=\"POST\" ><fieldset  style=\"border: none!important;margin: 0!important;padding: 0!important;background-color: transparent!important;box-shadow: none!important;outline: none!important; min-inline-size: 100%;\">\n                    <legend class=\"ff_screen_reader_title\" style=\"display: block; margin: 0!important;padding: 0!important;height: 0!important;text-indent: -999999px;width: 0!important;overflow:hidden;\">Detalles sobre su negocio para web<\/legend><input type='hidden' name='__fluent_form_embded_post_id' value='7686' \/><input type=\"hidden\" id=\"_fluentform_10_fluentformnonce\" name=\"_fluentform_10_fluentformnonce\" value=\"2121a427dd\" \/><input type=\"hidden\" name=\"_wp_http_referer\" value=\"\/es\/wp-json\/wp\/v2\/pages\/7686\" \/><div class=\"ff-el-group ff-el-section-break  ff_left\" data-name=\"section_break-10_1\" ><h3 class='ff-el-section-title'>Detalles sobre su negocio para web<\/h3><div class='ff-section_break_desk'><p>Estas preguntas ayudar\u00e1n con la redacci\u00f3n que se reflejar\u00e1 en la p\u00e1gina web.<\/p><\/div><hr \/><\/div><div data-type=\"name-element\" data-name=\"names\" class=\" ff-field_container ff-name-field-wrapper\" ><div class='ff-t-container'><div class='ff-t-cell '><div class='ff-el-group  ff-el-form-top'><div class=\"ff-el-input--label ff-el-is-required asterisk-right\"><label for='ff_10_names_first_name_' aria-label=\"Nombre\">Nombre<\/label><\/div><div class='ff-el-input--content'><input type=\"text\" name=\"names[first_name]\" id=\"ff_10_names_first_name_\" class=\"ff-el-form-control\" placeholder=\"Tu respuesta\" aria-invalid=\"false\" aria-required=true><\/div><\/div><\/div><div class='ff-t-cell '><div class='ff-el-group  ff-el-form-top'><div class=\"ff-el-input--label ff-el-is-required asterisk-right\"><label for='ff_10_names_last_name_' aria-label=\"Apellido\">Apellido<\/label><\/div><div class='ff-el-input--content'><input type=\"text\" name=\"names[last_name]\" id=\"ff_10_names_last_name_\" class=\"ff-el-form-control\" placeholder=\"Tu respuesta\" aria-invalid=\"false\" aria-required=true><\/div><\/div><\/div><\/div><\/div><div class='ff-el-group'><div class=\"ff-el-input--label ff-el-is-required asterisk-right\"><label for='ff_10_email' aria-label=\"Correo electr\u00f3nico\">Correo electr\u00f3nico<\/label><\/div><div class='ff-el-input--content'><input type=\"email\" name=\"email\" id=\"ff_10_email\" class=\"ff-el-form-control\" placeholder=\"Correo electr\u00f3nico\" data-name=\"email\"  aria-invalid=\"false\" aria-required=true><\/div><\/div><div class='ff-el-group'><div class=\"ff-el-input--label ff-el-is-required asterisk-right\"><label for='ff_10_input_text' aria-label=\"\u00bfQu\u00e9 es negocio? \u00bfC\u00f3mo lo describir\u00eda a alguien que conoce por primera vez la marca?\">\u00bfQu\u00e9 es negocio? \u00bfC\u00f3mo lo describir\u00eda a alguien que conoce por primera vez la marca?<\/label><\/div><div class='ff-el-input--content'><input type=\"text\" name=\"input_text\" class=\"ff-el-form-control\" placeholder=\"Tu respuesta\" data-name=\"input_text\" id=\"ff_10_input_text\"  aria-invalid=\"false\" aria-required=true><\/div><\/div><div class='ff-el-group'><div class=\"ff-el-input--label ff-el-is-required asterisk-right\"><label for='ff_10_input_text_1' aria-label=\"\u00bfCu\u00e1l es su misi\u00f3n y visi\u00f3n?\">\u00bfCu\u00e1l es su misi\u00f3n y visi\u00f3n?<\/label><\/div><div class='ff-el-input--content'><input type=\"text\" name=\"input_text_1\" class=\"ff-el-form-control\" placeholder=\"Tu respuesta\" data-name=\"input_text_1\" id=\"ff_10_input_text_1\"  aria-invalid=\"false\" aria-required=true><\/div><\/div><div class='ff-el-group'><div class=\"ff-el-input--label ff-el-is-required asterisk-right\"><label for='ff_10_input_text_2' aria-label=\"\u00bfQu\u00e9 beneficios brinda la marca?\">\u00bfQu\u00e9 beneficios brinda la marca?<\/label><\/div><div class='ff-el-input--content'><input type=\"text\" name=\"input_text_2\" class=\"ff-el-form-control\" placeholder=\"Tu respuesta\" data-name=\"input_text_2\" id=\"ff_10_input_text_2\"  aria-invalid=\"false\" aria-required=true><\/div><\/div><div class='ff-el-group'><div class=\"ff-el-input--label ff-el-is-required asterisk-right\"><label for='ff_10_input_text_3' aria-label=\"\u00bfQu\u00e9 los hace diferentes de otros negocios que venden los mismos productos o algo similar?\">\u00bfQu\u00e9 los hace diferentes de otros negocios que venden los mismos productos o algo similar?<\/label><\/div><div class='ff-el-input--content'><input type=\"text\" name=\"input_text_3\" class=\"ff-el-form-control\" placeholder=\"Tu respuesta\" data-name=\"input_text_3\" id=\"ff_10_input_text_3\"  aria-invalid=\"false\" aria-required=true><\/div><\/div><div class='ff-el-group'><div class=\"ff-el-input--label ff-el-is-required asterisk-right\"><label for='ff_10_input_text_4' aria-label=\"De tener una secci\u00f3n de &quot;Sobre Nosotros&quot; (About Us), \u00bfqu\u00e9 desea resaltar en ese texto?\">De tener una secci\u00f3n de \"Sobre Nosotros\" (About Us), \u00bfqu\u00e9 desea resaltar en ese texto?<\/label><\/div><div class='ff-el-input--content'><input type=\"text\" name=\"input_text_4\" class=\"ff-el-form-control\" placeholder=\"Tu respuesta\" data-name=\"input_text_4\" id=\"ff_10_input_text_4\"  aria-invalid=\"false\" aria-required=true><\/div><\/div><div class='ff-el-group ff-text-left ff_submit_btn_wrapper'><button type=\"submit\" class=\"ff-btn ff-btn-submit ff-btn-md ff_btn_style\" >Submit Form<\/button><\/div><\/fieldset><\/form><div id='fluentform_10_errors' class='ff-errors-in-stack ff_form_instance_10_1 ff-form-loading_errors ff_form_instance_10_1_errors'><\/div><\/div>        <script type=\"text\/javascript\">\n            window.fluent_form_ff_form_instance_10_1 = {\"id\":\"10\",\"settings\":{\"layout\":{\"labelPlacement\":\"top\",\"helpMessagePlacement\":\"with_label\",\"errorMessagePlacement\":\"inline\",\"asteriskPlacement\":\"asterisk-right\"},\"restrictions\":{\"denyEmptySubmission\":{\"enabled\":false}}},\"form_instance\":\"ff_form_instance_10_1\",\"form_id_selector\":\"fluentform_10\",\"rules\":{\"names[first_name]\":{\"required\":{\"value\":true,\"message\":\"Este campo es requerido\"}},\"names[middle_name]\":{\"required\":{\"value\":false,\"message\":\"This field is required\"}},\"names[last_name]\":{\"required\":{\"value\":true,\"message\":\"Este campo es requerido\"}},\"email\":{\"required\":{\"value\":true,\"message\":\"Este campo es requerido\"},\"email\":{\"value\":true,\"message\":\"This field must contain a valid email\"}},\"input_text\":{\"required\":{\"value\":true,\"message\":\"Este campo es requerido\"}},\"input_text_1\":{\"required\":{\"value\":true,\"message\":\"Este campo es requerido\"}},\"input_text_2\":{\"required\":{\"value\":true,\"message\":\"Este campo es requerido\"}},\"input_text_3\":{\"required\":{\"value\":true,\"message\":\"Este campo es requerido\"}},\"input_text_4\":{\"required\":{\"value\":true,\"message\":\"Este campo es requerido\"}}},\"debounce_time\":300};\n                    <\/script>\n        <\/div>\n\t\t\t\t<\/div>\n\t\t\t\t<\/div>\n\t\t\t\t\t<\/div>\n\t\t<\/div>\n\t\t\t\t\t<\/div>\n\t\t<\/section>\n\t\t\t\t<\/div>\n\t\t","protected":false},"excerpt":{"rendered":"","protected":false},"author":2,"featured_media":0,"parent":0,"menu_order":0,"comment_status":"closed","ping_status":"closed","template":"","meta":{"content-type":"","site-sidebar-layout":"no-sidebar","site-content-layout":"page-builder","ast-site-content-layout":"","site-content-style":"default","site-sidebar-style":"default","ast-global-header-display":"","ast-banner-title-visibility":"","ast-main-header-display":"","ast-hfb-above-header-display":"","ast-hfb-below-header-display":"","ast-hfb-mobile-header-display":"","site-post-title":"disabled","ast-breadcrumbs-content":"","ast-featured-img":"disabled","footer-sml-layout":"","theme-transparent-header-meta":"","adv-header-id-meta":"","stick-header-meta":"","header-above-stick-meta":"","header-main-stick-meta":"","header-below-stick-meta":"","astra-migrate-meta-layouts":"default","ast-page-background-enabled":"default","ast-page-background-meta":{"desktop":{"background-color":"","background-image":"","background-repeat":"repeat","background-position":"center center","background-size":"auto","background-attachment":"scroll","background-type":"","background-media":"","overlay-type":"","overlay-color":"","overlay-opacity":"","overlay-gradient":""},"tablet":{"background-color":"","background-image":"","background-repeat":"repeat","background-position":"center center","background-size":"auto","background-attachment":"scroll","background-type":"","background-media":"","overlay-type":"","overlay-color":"","overlay-opacity":"","overlay-gradient":""},"mobile":{"background-color":"","background-image":"","background-repeat":"repeat","background-position":"center center","background-size":"auto","background-attachment":"scroll","background-type":"","background-media":"","overlay-type":"","overlay-color":"","overlay-opacity":"","overlay-gradient":""}},"ast-content-background-meta":{"desktop":{"background-color":"var(--ast-global-color-5)","background-image":"","background-repeat":"repeat","background-position":"center center","background-size":"auto","background-attachment":"scroll","background-type":"","background-media":"","overlay-type":"","overlay-color":"","overlay-opacity":"","overlay-gradient":""},"tablet":{"background-color":"var(--ast-global-color-5)","background-image":"","background-repeat":"repeat","background-position":"center center","background-size":"auto","background-attachment":"scroll","background-type":"","background-media":"","overlay-type":"","overlay-color":"","overlay-opacity":"","overlay-gradient":""},"mobile":{"background-color":"var(--ast-global-color-5)","background-image":"","background-repeat":"repeat","background-position":"center center","background-size":"auto","background-attachment":"scroll","background-type":"","background-media":"","overlay-type":"","overlay-color":"","overlay-opacity":"","overlay-gradient":""}},"footnotes":""},"class_list":["post-7686","page","type-page","status-publish","hentry"],"yoast_head":"<!-- This site is optimized with the Yoast SEO plugin v23.6 - https:\/\/yoast.com\/wordpress\/plugins\/seo\/ -->\n<title>Form - Detalles sobre su negocio para web - D&amp;S Agency | Full-service, Bilingual Advertising &amp; Marketing Consulting<\/title>\n<meta name=\"robots\" content=\"index, follow, max-snippet:-1, max-image-preview:large, max-video-preview:-1\" \/>\n<link rel=\"canonical\" href=\"https:\/\/dsagencyny.com\/es\/form-detalles-sobre-su-negocio-para-web\/\" \/>\n<meta property=\"og:locale\" content=\"es_ES\" \/>\n<meta property=\"og:type\" content=\"article\" \/>\n<meta property=\"og:title\" content=\"Form - Detalles sobre su negocio para web - D&amp;S Agency | Full-service, Bilingual Advertising &amp; Marketing Consulting\" \/>\n<meta property=\"og:url\" content=\"https:\/\/dsagencyny.com\/es\/form-detalles-sobre-su-negocio-para-web\/\" \/>\n<meta property=\"og:site_name\" content=\"D&amp;S Agency | Full-service, Bilingual Advertising &amp; Marketing Consulting\" \/>\n<meta property=\"article:publisher\" content=\"https:\/\/facebook.com\/dsagencycorp\" \/>\n<meta property=\"article:modified_time\" content=\"2023-01-25T21:33:17+00:00\" \/>\n<meta name=\"twitter:card\" content=\"summary_large_image\" \/>\n<meta name=\"twitter:label1\" content=\"Tiempo de lectura\" \/>\n\t<meta name=\"twitter:data1\" content=\"1 minuto\" \/>\n<script type=\"application\/ld+json\" class=\"yoast-schema-graph\">{\"@context\":\"https:\/\/schema.org\",\"@graph\":[{\"@type\":\"WebPage\",\"@id\":\"https:\/\/dsagencyny.com\/es\/form-detalles-sobre-su-negocio-para-web\/\",\"url\":\"https:\/\/dsagencyny.com\/es\/form-detalles-sobre-su-negocio-para-web\/\",\"name\":\"Form - Detalles sobre su negocio para web - D&amp;S Agency | Full-service, Bilingual Advertising &amp; Marketing Consulting\",\"isPartOf\":{\"@id\":\"https:\/\/dsagencyny.com\/es\/#website\"},\"datePublished\":\"2023-01-25T21:33:00+00:00\",\"dateModified\":\"2023-01-25T21:33:17+00:00\",\"breadcrumb\":{\"@id\":\"https:\/\/dsagencyny.com\/es\/form-detalles-sobre-su-negocio-para-web\/#breadcrumb\"},\"inLanguage\":\"es\",\"potentialAction\":[{\"@type\":\"ReadAction\",\"target\":[\"https:\/\/dsagencyny.com\/es\/form-detalles-sobre-su-negocio-para-web\/\"]}]},{\"@type\":\"BreadcrumbList\",\"@id\":\"https:\/\/dsagencyny.com\/es\/form-detalles-sobre-su-negocio-para-web\/#breadcrumb\",\"itemListElement\":[{\"@type\":\"ListItem\",\"position\":1,\"name\":\"Home\",\"item\":\"https:\/\/dsagencyny.com\/es\/\"},{\"@type\":\"ListItem\",\"position\":2,\"name\":\"Form &#8211; Detalles sobre su negocio para web\"}]},{\"@type\":\"WebSite\",\"@id\":\"https:\/\/dsagencyny.com\/es\/#website\",\"url\":\"https:\/\/dsagencyny.com\/es\/\",\"name\":\"D&amp;S Agency | Full-service, Bilingual Advertising &amp; Marketing Consulting\",\"description\":\"Just another WordPress site\",\"publisher\":{\"@id\":\"https:\/\/dsagencyny.com\/es\/#organization\"},\"potentialAction\":[{\"@type\":\"SearchAction\",\"target\":{\"@type\":\"EntryPoint\",\"urlTemplate\":\"https:\/\/dsagencyny.com\/es\/?s={search_term_string}\"},\"query-input\":{\"@type\":\"PropertyValueSpecification\",\"valueRequired\":true,\"valueName\":\"search_term_string\"}}],\"inLanguage\":\"es\"},{\"@type\":\"Organization\",\"@id\":\"https:\/\/dsagencyny.com\/es\/#organization\",\"name\":\"D&S Agency | Full-service, Bilingual Advertising & Marketing Consulting\",\"url\":\"https:\/\/dsagencyny.com\/es\/\",\"logo\":{\"@type\":\"ImageObject\",\"inLanguage\":\"es\",\"@id\":\"https:\/\/dsagencyny.com\/es\/#\/schema\/logo\/image\/\",\"url\":\"https:\/\/dsagencyny.com\/wp-content\/uploads\/2021\/06\/cropped-DS-Logo-Transparente-negro.png\",\"contentUrl\":\"https:\/\/dsagencyny.com\/wp-content\/uploads\/2021\/06\/cropped-DS-Logo-Transparente-negro.png\",\"width\":901,\"height\":354,\"caption\":\"D&S Agency | Full-service, Bilingual Advertising & Marketing Consulting\"},\"image\":{\"@id\":\"https:\/\/dsagencyny.com\/es\/#\/schema\/logo\/image\/\"},\"sameAs\":[\"https:\/\/facebook.com\/dsagencycorp\",\"https:\/\/www.instagram.com\/dsagencynyc\/\",\"https:\/\/www.linkedin.com\/company\/ds-agency-corp\"]}]}<\/script>\n<!-- \/ Yoast SEO plugin. -->","yoast_head_json":{"title":"Form - Detalles sobre su negocio para web - D&amp;S Agency | Full-service, Bilingual Advertising &amp; Marketing Consulting","robots":{"index":"index","follow":"follow","max-snippet":"max-snippet:-1","max-image-preview":"max-image-preview:large","max-video-preview":"max-video-preview:-1"},"canonical":"https:\/\/dsagencyny.com\/es\/form-detalles-sobre-su-negocio-para-web\/","og_locale":"es_ES","og_type":"article","og_title":"Form - Detalles sobre su negocio para web - D&amp;S Agency | Full-service, Bilingual Advertising &amp; Marketing Consulting","og_url":"https:\/\/dsagencyny.com\/es\/form-detalles-sobre-su-negocio-para-web\/","og_site_name":"D&amp;S Agency | Full-service, Bilingual Advertising &amp; Marketing Consulting","article_publisher":"https:\/\/facebook.com\/dsagencycorp","article_modified_time":"2023-01-25T21:33:17+00:00","twitter_card":"summary_large_image","twitter_misc":{"Tiempo de lectura":"1 minuto"},"schema":{"@context":"https:\/\/schema.org","@graph":[{"@type":"WebPage","@id":"https:\/\/dsagencyny.com\/es\/form-detalles-sobre-su-negocio-para-web\/","url":"https:\/\/dsagencyny.com\/es\/form-detalles-sobre-su-negocio-para-web\/","name":"Form - Detalles sobre su negocio para web - D&amp;S Agency | Full-service, Bilingual Advertising &amp; Marketing Consulting","isPartOf":{"@id":"https:\/\/dsagencyny.com\/es\/#website"},"datePublished":"2023-01-25T21:33:00+00:00","dateModified":"2023-01-25T21:33:17+00:00","breadcrumb":{"@id":"https:\/\/dsagencyny.com\/es\/form-detalles-sobre-su-negocio-para-web\/#breadcrumb"},"inLanguage":"es","potentialAction":[{"@type":"ReadAction","target":["https:\/\/dsagencyny.com\/es\/form-detalles-sobre-su-negocio-para-web\/"]}]},{"@type":"BreadcrumbList","@id":"https:\/\/dsagencyny.com\/es\/form-detalles-sobre-su-negocio-para-web\/#breadcrumb","itemListElement":[{"@type":"ListItem","position":1,"name":"Home","item":"https:\/\/dsagencyny.com\/es\/"},{"@type":"ListItem","position":2,"name":"Form &#8211; Detalles sobre su negocio para web"}]},{"@type":"WebSite","@id":"https:\/\/dsagencyny.com\/es\/#website","url":"https:\/\/dsagencyny.com\/es\/","name":"D&amp;S Agency | Full-service, Bilingual Advertising &amp; Marketing Consulting","description":"Just another WordPress site","publisher":{"@id":"https:\/\/dsagencyny.com\/es\/#organization"},"potentialAction":[{"@type":"SearchAction","target":{"@type":"EntryPoint","urlTemplate":"https:\/\/dsagencyny.com\/es\/?s={search_term_string}"},"query-input":{"@type":"PropertyValueSpecification","valueRequired":true,"valueName":"search_term_string"}}],"inLanguage":"es"},{"@type":"Organization","@id":"https:\/\/dsagencyny.com\/es\/#organization","name":"D&S Agency | Full-service, Bilingual Advertising & Marketing Consulting","url":"https:\/\/dsagencyny.com\/es\/","logo":{"@type":"ImageObject","inLanguage":"es","@id":"https:\/\/dsagencyny.com\/es\/#\/schema\/logo\/image\/","url":"https:\/\/dsagencyny.com\/wp-content\/uploads\/2021\/06\/cropped-DS-Logo-Transparente-negro.png","contentUrl":"https:\/\/dsagencyny.com\/wp-content\/uploads\/2021\/06\/cropped-DS-Logo-Transparente-negro.png","width":901,"height":354,"caption":"D&S Agency | Full-service, Bilingual Advertising & Marketing Consulting"},"image":{"@id":"https:\/\/dsagencyny.com\/es\/#\/schema\/logo\/image\/"},"sameAs":["https:\/\/facebook.com\/dsagencycorp","https:\/\/www.instagram.com\/dsagencynyc\/","https:\/\/www.linkedin.com\/company\/ds-agency-corp"]}]}},"_links":{"self":[{"href":"https:\/\/dsagencyny.com\/es\/wp-json\/wp\/v2\/pages\/7686","targetHints":{"allow":["GET"]}}],"collection":[{"href":"https:\/\/dsagencyny.com\/es\/wp-json\/wp\/v2\/pages"}],"about":[{"href":"https:\/\/dsagencyny.com\/es\/wp-json\/wp\/v2\/types\/page"}],"author":[{"embeddable":true,"href":"https:\/\/dsagencyny.com\/es\/wp-json\/wp\/v2\/users\/2"}],"replies":[{"embeddable":true,"href":"https:\/\/dsagencyny.com\/es\/wp-json\/wp\/v2\/comments?post=7686"}],"version-history":[{"count":5,"href":"https:\/\/dsagencyny.com\/es\/wp-json\/wp\/v2\/pages\/7686\/revisions"}],"predecessor-version":[{"id":7691,"href":"https:\/\/dsagencyny.com\/es\/wp-json\/wp\/v2\/pages\/7686\/revisions\/7691"}],"wp:attachment":[{"href":"https:\/\/dsagencyny.com\/es\/wp-json\/wp\/v2\/media?parent=7686"}],"curies":[{"name":"wp","href":"https:\/\/api.w.org\/{rel}","templated":true}]}}